{"id":39452,"date":"2015-04-16T13:43:06","date_gmt":"2015-04-16T13:43:06","guid":{"rendered":"https:\/\/inmo-gusto-holidays-rentals.com\/nuestros-alquileres-de-vacaciones\/"},"modified":"2024-11-23T03:58:35","modified_gmt":"2024-11-23T03:58:35","slug":"alquileres-de-vacaciones","status":"publish","type":"page","link":"https:\/\/inmo-gusto-holidays-rentals.com\/es\/alquileres-de-vacaciones\/","title":{"rendered":"Alquileres de vacaciones"},"content":{"rendered":"<p>Ya sea un apartamento para una noche, un castillo para una semana o una villa para un mes, Alquileres conecta a la gente con experiencias de viaje \u00fanicas, a cualquier precio. Y con un servicio de atenci\u00f3n al cliente de primera clase y una creciente comunidad de usuarios, Rentals es la forma m\u00e1s f\u00e1cil para que la gente monetice su espacio extra y lo muestre a una audiencia de millones de personas.<\/p>\n","protected":false},"excerpt":{"rendered":"<p>Ya sea un apartamento para una noche, un castillo para una semana o una villa para un mes, Alquileres conecta a la gente con experiencias de viaje \u00fanicas, a cualquier precio. Y con un servicio de atenci\u00f3n al cliente de primera clase y una creciente comunidad de usuarios, Rentals es la forma m\u00e1s f\u00e1cil para &#8230;<\/p>\n","protected":false},"author":4,"featured_media":0,"parent":0,"menu_order":0,"comment_status":"open","ping_status":"closed","template":"property_list.php","meta":{"footnotes":""},"class_list":["post-39452","page","type-page","status-publish","hentry"],"_links":{"self":[{"href":"https:\/\/inmo-gusto-holidays-rentals.com\/es\/wp-json\/wp\/v2\/pages\/39452","targetHints":{"allow":["GET"]}}],"collection":[{"href":"https:\/\/inmo-gusto-holidays-rentals.com\/es\/wp-json\/wp\/v2\/pages"}],"about":[{"href":"https:\/\/inmo-gusto-holidays-rentals.com\/es\/wp-json\/wp\/v2\/types\/page"}],"author":[{"embeddable":true,"href":"https:\/\/inmo-gusto-holidays-rentals.com\/es\/wp-json\/wp\/v2\/users\/4"}],"replies":[{"embeddable":true,"href":"https:\/\/inmo-gusto-holidays-rentals.com\/es\/wp-json\/wp\/v2\/comments?post=39452"}],"version-history":[{"count":10,"href":"https:\/\/inmo-gusto-holidays-rentals.com\/es\/wp-json\/wp\/v2\/pages\/39452\/revisions"}],"predecessor-version":[{"id":40158,"href":"https:\/\/inmo-gusto-holidays-rentals.com\/es\/wp-json\/wp\/v2\/pages\/39452\/revisions\/40158"}],"wp:attachment":[{"href":"https:\/\/inmo-gusto-holidays-rentals.com\/es\/wp-json\/wp\/v2\/media?parent=39452"}],"curies":[{"name":"wp","href":"https:\/\/api.w.org\/{rel}","templated":true}]}}