{"id":39451,"date":"2019-08-06T10:53:44","date_gmt":"2019-08-06T10:53:44","guid":{"rendered":"https:\/\/inmo-gusto-holidays-rentals.com\/gdpr-terms-and-conditions\/"},"modified":"2025-02-07T16:05:52","modified_gmt":"2025-02-07T16:05:52","slug":"gdpr-terms-and-conditions","status":"publish","type":"page","link":"https:\/\/inmo-gusto-holidays-rentals.com\/en\/gdpr-terms-and-conditions\/","title":{"rendered":"GDPR terms and conditions"},"content":{"rendered":"\n<div style=\"height:40px\" aria-hidden=\"true\" class=\"wp-block-spacer\"><\/div>\n\n<p>Les pr\u00e9sentes Conditions d\u2019Annulation et de Remboursements r\u00e9gissent les modalit\u00e9s d\u2019annulation de r\u00e9servations et les remboursements applicables pour les locations propos\u00e9es par Immo Gusto Holidays.<\/p>\n\n<h3 class=\"wp-block-heading\">1. Politique d\u2019Annulation<\/h3>\n\n<p>Les conditions d\u2019annulation sont les suivantes :<\/p>\n\n<ul class=\"wp-block-list\">\n<li>Cancellation more than 2 months before arrival: Full refund (100%) of the amount paid.<\/li>\n\n\n\n<li>Cancellation between 2 months and 10 days before arrival: 50% refund of the amount paid.<\/li>\n\n\n\n<li>Cancellation less than 10 days before arrival: No refund.<\/li>\n<\/ul>\n\n<h3 class=\"wp-block-heading\">2. Modifications de R\u00e9servation<\/h3>\n\n<p>Les modifications de r\u00e9servation sont possibles uniquement si elles interviennent \u00e0 plus de 2 mois avant la date d\u2019arriv\u00e9e. Pass\u00e9 ce d\u00e9lai, aucune modification ne sera accept\u00e9e.<\/p>\n\n<h3 class=\"wp-block-heading\">3. Annulation par le Propri\u00e9taire<\/h3>\n\n<p>En cas d\u2019annulation de la r\u00e9servation par le propri\u00e9taire, le locataire sera rembours\u00e9 int\u00e9gralement (100%) du montant pay\u00e9. Immo Gusto Holidays mettra tout en \u0153uvre pour proposer une solution de remplacement au locataire.<\/p>\n\n<h3 class=\"wp-block-heading\">4. Cas de Force Majeure<\/h3>\n\n<p>Les cas de force majeure (catastrophes naturelles, pand\u00e9mies, conflits arm\u00e9s, etc.) peuvent entra\u00eener une annulation sans frais pour le locataire ou le propri\u00e9taire. Ces cas seront \u00e9valu\u00e9s individuellement.<\/p>\n\n<h3 class=\"wp-block-heading\">5. Frais de Service<\/h3>\n\n<p>Les frais de service ne sont remboursables dans aucun cas, m\u00eame en cas d\u2019annulation de la r\u00e9servation.<\/p>\n","protected":false},"excerpt":{"rendered":"<p>Les pr\u00e9sentes Conditions d\u2019Annulation et de Remboursements r\u00e9gissent les modalit\u00e9s d\u2019annulation de r\u00e9servations et les remboursements applicables pour les locations propos\u00e9es par Immo Gusto Holidays. 1. Politique d\u2019Annulation Les conditions d\u2019annulation sont les suivantes : 2. Modifications de R\u00e9servation Les modifications de r\u00e9servation sont possibles uniquement si elles interviennent \u00e0 plus de 2 mois avant &#8230;<\/p>\n","protected":false},"author":4,"featured_media":0,"parent":0,"menu_order":0,"comment_status":"closed","ping_status":"closed","template":"gdpr_terms.php","meta":{"footnotes":""},"class_list":["post-39451","page","type-page","status-publish","hentry"],"_links":{"self":[{"href":"https:\/\/inmo-gusto-holidays-rentals.com\/en\/wp-json\/wp\/v2\/pages\/39451","targetHints":{"allow":["GET"]}}],"collection":[{"href":"https:\/\/inmo-gusto-holidays-rentals.com\/en\/wp-json\/wp\/v2\/pages"}],"about":[{"href":"https:\/\/inmo-gusto-holidays-rentals.com\/en\/wp-json\/wp\/v2\/types\/page"}],"author":[{"embeddable":true,"href":"https:\/\/inmo-gusto-holidays-rentals.com\/en\/wp-json\/wp\/v2\/users\/4"}],"replies":[{"embeddable":true,"href":"https:\/\/inmo-gusto-holidays-rentals.com\/en\/wp-json\/wp\/v2\/comments?post=39451"}],"version-history":[{"count":3,"href":"https:\/\/inmo-gusto-holidays-rentals.com\/en\/wp-json\/wp\/v2\/pages\/39451\/revisions"}],"predecessor-version":[{"id":40550,"href":"https:\/\/inmo-gusto-holidays-rentals.com\/en\/wp-json\/wp\/v2\/pages\/39451\/revisions\/40550"}],"wp:attachment":[{"href":"https:\/\/inmo-gusto-holidays-rentals.com\/en\/wp-json\/wp\/v2\/media?parent=39451"}],"curies":[{"name":"wp","href":"https:\/\/api.w.org\/{rel}","templated":true}]}}